{"id":337,"date":"2020-02-07T14:45:38","date_gmt":"2020-02-07T12:45:38","guid":{"rendered":"https:\/\/www.mariaiivonen.com\/mariaiivonencom\/?page_id=337"},"modified":"2020-02-10T18:30:45","modified_gmt":"2020-02-10T16:30:45","slug":"2018-2","status":"publish","type":"page","link":"https:\/\/www.mariaiivonen.com\/mariaiivonencom\/2018-2\/","title":{"rendered":"2018"},"content":{"rendered":"\n<p><\/p>\n\n\n\n<ul class=\"wp-block-list\"><li><strong>31.12.2018 <\/strong>Grooving High Allstars (GHA), Lutto, Saariselk\u00e4<\/li><li><strong>29.12.2018 <\/strong>GHA, \u00c4k\u00e4shotelli, \u00c4k\u00e4slompolo<\/li><li><strong>14.12.2018 <\/strong>GHA, yksityistilaisuus, Helsinki<\/li><li><strong>06.-0812.2018 <\/strong>Maria Iivonen Jazz Duo, Viking Grace<\/li><\/ul>\n\n\n\n<ul class=\"wp-block-list\"><li><strong>30.11.2018 <\/strong>GHA, yksityistilaisuus, Helsinki<\/li><li><strong>23.11.2018 <\/strong>Antti Annola &amp; Maria Iivonen w\/ Oulu All Star Big Band, Oulu<\/li><li><strong>15.11.2018 <\/strong>GHA, yksityistilaisuus, Tampere<\/li><li><strong>09.-10.11.2018 <\/strong>GHA, Apollo, Turku<\/li><li><strong>08.11.2018 <\/strong>GHA, Viking Grace<\/li><li><strong>05.11.2018 <\/strong>Voice Venture, Oulu<\/li><li><strong>01.-03.11.2018 <\/strong>Maria Iivonen Jazz Duo, Viking Grace<\/li><\/ul>\n\n\n\n<ul class=\"wp-block-list\"><li><strong>26.-27.10.2018 <\/strong>GHA, Ilona, Tampere<\/li><li><strong>19.-20.10.2018 <\/strong>GHA, London, Jyv\u00e4skyl\u00e4<\/li><li><strong>12.-13.10.2018 <\/strong>GHA, Viking Gabriella<\/li><\/ul>\n\n\n\n<ul class=\"wp-block-list\"><li><strong>27.-29.09.2018 <\/strong>GHA, Silja Europa<\/li><li><strong>21.-22.09.2018 <\/strong>GHA, Apollo, Turku<\/li><li><strong>20.09.2018 <\/strong>GHA, Viking Grace<\/li><li><strong>06.-08.09.2018 <\/strong>Maria Iivonen Jazz Duo, Viking Grace<\/li><li><strong>01.09.2018 <\/strong>GHA, yksityistilaisuus, Jyv\u00e4skyl\u00e4<\/li><\/ul>\n\n\n\n<ul class=\"wp-block-list\"><li><strong>25.08.2018 <\/strong>The Blackbirds &amp; Ilmavoimien Big Band, Turku<\/li><li><strong>24.08.2018 <\/strong>The Blackbirds &amp; Ilmavoimien Big Band, Raasepori<\/li><li><strong>23.08.2018 <\/strong>The Blackbirds &amp; Ilmavoimien Big Band, Santahamina<\/li><li><strong>18.08.2018 <\/strong>The Blackbirds &amp; Ilmavoimien Big Band, Kajaani<\/li><li><strong>17.08.2018 <\/strong>The Blackbirds &amp; Ilmavoimien Big Band, Oulu<\/li><li><strong>16.08.2018 <\/strong>The Blackbirds &amp; Ilmavoimien  Big Band, Rovaniemi<\/li><li><strong>15.08.2018 <\/strong>GHA, Umpitunneli, Tornio<\/li><li><strong>11.08.2018 <\/strong>GHA, yksityistilaisuus, Viro<\/li><li><strong>10.08.2018 <\/strong>The Blackbirds &amp; Ilmavoimien Big Band, Kouvola<\/li><li><strong>09.08.2018 <\/strong>The Blackbirds &amp; Ilmavoimien Big Band, Joensuu<\/li><\/ul>\n\n\n\n<ul class=\"wp-block-list\"><li><strong>27.-28.07.2018 <\/strong>GHA, Ilona, Tampere<\/li><li><strong>21.07.2018 <\/strong>Partypilami, Ilona, Joensuu<\/li><li><strong>12.-14.07.2018 <\/strong>GHA, Viking Grace<\/li><li><strong>06.-07.07.2018 <\/strong>GHA, Teatro, Vaasa<\/li><\/ul>\n\n\n\n<ul class=\"wp-block-list\"><li><strong>15.-16.06.2018 <\/strong>GHA, London, Jyv\u00e4skyl\u00e4<\/li><li><strong>08.-09.06.2018 <\/strong>GHA, Mulligan\u2019s, Kouvola<\/li><\/ul>\n\n\n\n<ul class=\"wp-block-list\"><li><strong>01.05.-31.05.2018 <\/strong>Viking Gabriella\u2019s Jazz Trio, Viking Gabriella<\/li><\/ul>\n\n\n\n<ul class=\"wp-block-list\"><li><strong>8.04.2018 <\/strong>Breezer, yksityistilaisuus, Oulu<\/li><li><strong>19.-21.04.2018 <\/strong>Maria Iivonen Jazz Duo, Viking Grace<\/li><li><strong>12.-14.04.2018 <\/strong>GHA, Baltic Princess<\/li><li><strong>07.04.2018 <\/strong>Partypilami, Ilona, Sein\u00e4joki<\/li><\/ul>\n\n\n\n<ul class=\"wp-block-list\"><li><strong>22.-24.03.2018 <\/strong>Maria Iivonen Jazz Duo, Viking Grace<\/li><li><strong>16.-17.03.2018 <\/strong>GHA, Viking Gabriella<\/li><li><strong>08.-10.03.2018 <\/strong>GHA, Viking Grace<\/li><li><strong>02.-03.03.2018 <\/strong>GHA, Mulligan\u2019s, Kouvola<\/li><\/ul>\n\n\n\n<ul class=\"wp-block-list\"><li><strong>15.-17.02.2018 <\/strong>Maria Iivonen Jazz Duo, Viking Grace<\/li><li><strong>09.-10.02.2018 <\/strong>GHA, Ilona, Sein\u00e4joki<\/li><\/ul>\n\n\n\n<ul class=\"wp-block-list\"><li><strong>26.-27.01.2018<\/strong> GHA Viking Mariella<\/li><li><strong>12.-13.01.2018<\/strong> Grooving High Allstars (GHA), Mulligan\u2019s, Kouvola<\/li><\/ul>\n\n\n\n<p><\/p>\n","protected":false},"excerpt":{"rendered":"<p>31.12.2018 Grooving High Allstars (GHA), Lutto, Saariselk\u00e4 29.12.2018 GHA, \u00c4k\u00e4shotelli, \u00c4k\u00e4slompolo 14.12.2018 GHA, yksityistilaisuus, Helsinki 06.-0812.2018 Maria Iivonen Jazz Duo, Viking Grace 30.11.2018 GHA, yksityistilaisuus, Helsinki 23.11.2018 Antti Annola &amp; Maria Iivonen w\/ Oulu All Star Big Band, Oulu 15.11.2018 GHA, yksityistilaisuus, Tampere 09.-10.11.2018 GHA, Apollo, Turku 08.11.2018 GHA, Viking Grace 05.11.2018 Voice Venture, Oulu &hellip; <\/p>\n<p class=\"link-more\"><a href=\"https:\/\/www.mariaiivonen.com\/mariaiivonencom\/2018-2\/\" class=\"more-link\">Continue reading<span class=\"screen-reader-text\"> &#8221;2018&#8221;<\/span><\/a><\/p>\n","protected":false},"author":1,"featured_media":0,"parent":0,"menu_order":0,"comment_status":"closed","ping_status":"closed","template":"","meta":{"footnotes":""},"class_list":["post-337","page","type-page","status-publish","hentry"],"_links":{"self":[{"href":"https:\/\/www.mariaiivonen.com\/mariaiivonencom\/wp-json\/wp\/v2\/pages\/337","targetHints":{"allow":["GET"]}}],"collection":[{"href":"https:\/\/www.mariaiivonen.com\/mariaiivonencom\/wp-json\/wp\/v2\/pages"}],"about":[{"href":"https:\/\/www.mariaiivonen.com\/mariaiivonencom\/wp-json\/wp\/v2\/types\/page"}],"author":[{"embeddable":true,"href":"https:\/\/www.mariaiivonen.com\/mariaiivonencom\/wp-json\/wp\/v2\/users\/1"}],"replies":[{"embeddable":true,"href":"https:\/\/www.mariaiivonen.com\/mariaiivonencom\/wp-json\/wp\/v2\/comments?post=337"}],"version-history":[{"count":8,"href":"https:\/\/www.mariaiivonen.com\/mariaiivonencom\/wp-json\/wp\/v2\/pages\/337\/revisions"}],"predecessor-version":[{"id":371,"href":"https:\/\/www.mariaiivonen.com\/mariaiivonencom\/wp-json\/wp\/v2\/pages\/337\/revisions\/371"}],"wp:attachment":[{"href":"https:\/\/www.mariaiivonen.com\/mariaiivonencom\/wp-json\/wp\/v2\/media?parent=337"}],"curies":[{"name":"wp","href":"https:\/\/api.w.org\/{rel}","templated":true}]}}