{"id":16,"date":"2019-03-21T13:24:08","date_gmt":"2019-03-21T11:24:08","guid":{"rendered":"http:\/\/www.mariaiivonen.com\/mariaiivonencom\/?page_id=16"},"modified":"2024-11-15T10:14:09","modified_gmt":"2024-11-15T08:14:09","slug":"keikalla","status":"publish","type":"page","link":"https:\/\/www.mariaiivonen.com\/mariaiivonencom\/keikalla\/","title":{"rendered":"Keikalla"},"content":{"rendered":"\n<p class=\"has-medium-font-size\">Marialta l\u00f6ytyy kokemusta el\u00e4v\u00e4n musiikin esitt\u00e4misest\u00e4 jo lapsesta saakka. Ammatikseen h\u00e4n on esiintynyt yli 18 vuotta ja t\u00e4h\u00e4n menness\u00e4 tehnyt l\u00e4hes 800 live-esiintymist\u00e4. Vuosiin mahtuu keikkoja sek\u00e4 solistin ett\u00e4 taustalaulajan roolissa erilaisissa kokoonpanoissa duoista big bandeihin.<\/p>\n\n\n\n<hr class=\"wp-block-separator has-css-opacity\"\/>\n\n\n<div class=\"wp-block-image\">\n<figure class=\"alignleft size-large is-resized\"><img loading=\"lazy\" decoding=\"async\" width=\"768\" height=\"1024\" src=\"https:\/\/www.mariaiivonen.com\/mariaiivonencom\/wp-content\/uploads\/2024\/11\/2024_PROMO-keikat_6183-768x1024.jpg\" alt=\"\" class=\"wp-image-754\" style=\"aspect-ratio:0.6646341463414634;width:342px;height:auto\" srcset=\"https:\/\/www.mariaiivonen.com\/mariaiivonencom\/wp-content\/uploads\/2024\/11\/2024_PROMO-keikat_6183-768x1024.jpg 768w, https:\/\/www.mariaiivonen.com\/mariaiivonencom\/wp-content\/uploads\/2024\/11\/2024_PROMO-keikat_6183-225x300.jpg 225w, https:\/\/www.mariaiivonen.com\/mariaiivonencom\/wp-content\/uploads\/2024\/11\/2024_PROMO-keikat_6183-1152x1536.jpg 1152w, https:\/\/www.mariaiivonen.com\/mariaiivonencom\/wp-content\/uploads\/2024\/11\/2024_PROMO-keikat_6183-1536x2048.jpg 1536w, https:\/\/www.mariaiivonen.com\/mariaiivonencom\/wp-content\/uploads\/2024\/11\/2024_PROMO-keikat_6183-scaled.jpg 1920w\" sizes=\"auto, (max-width: 768px) 100vw, 768px\" \/><\/figure>\n<\/div>\n\n\n<h5 class=\"wp-block-heading\">Kokoonpanot<\/h5>\n\n\n\n<ul class=\"wp-block-list\">\n<li>2020- Meinings <a href=\"http:\/\/www.meinings.fi\">(www.meinings.fi)<\/a> <\/li>\n\n\n\n<li>2017- VoiceVenture<\/li>\n\n\n\n<li>2017- Maria Iivonen Jazz Duo<\/li>\n\n\n\n<li>2013- The Blackbirds taustalauluyhtye<\/li>\n\n\n\n<li>2012- Pimp Train <em>(bileb\u00e4ndi<\/em>)<\/li>\n<\/ul>\n\n\n\n<h5 class=\"wp-block-heading\">Aiemmat kokoonpanot<\/h5>\n\n\n\n<ul class=\"wp-block-list\">\n<li>2015-2019 Grooving High Allstars <em>(bileb\u00e4ndi)<\/em><\/li>\n\n\n\n<li>2018 Gabriella\u2019s Jazz trio<\/li>\n\n\n\n<li>2016-2018 PartyPilami <em>(bileb\u00e4ndi)<\/em><\/li>\n\n\n\n<li>2016 Mariella\u2019s Jazz trio<\/li>\n\n\n\n<li>2012-2014 Movelicious <em>(coverb\u00e4ndi)<\/em><\/li>\n\n\n\n<li>2010-2012 Make It Shake <em>(bileb\u00e4ndi)<\/em><\/li>\n\n\n\n<li>2008-2010 Soul-U <em>(coverb\u00e4ndi)<\/em><\/li>\n\n\n\n<li>2007-2011 The Lerois<\/li>\n<\/ul>\n\n\n\n<p class=\"has-text-align-left has-medium-font-size\"><a href=\"https:\/\/www.mariaiivonen.com\/mariaiivonencom\/2023-2\"><strong>2023<\/strong><\/a> \/ <strong><a href=\"https:\/\/www.mariaiivonen.com\/mariaiivonencom\/577-2\">2020-22<\/a><\/strong> \/ <strong><a href=\"http:\/\/mariaiivonen.com\/mariaiivonencom\/2019-2\">2019<\/a><\/strong> \/ <strong><a href=\"https:\/\/www.mariaiivonen.com\/mariaiivonencom\/2018-2\">2018<\/a><\/strong> \/ <strong><a href=\"https:\/\/www.mariaiivonen.com\/mariaiivonencom\/2017-2\">2017<\/a><\/strong><\/p>\n","protected":false},"excerpt":{"rendered":"<p>Marialta l\u00f6ytyy kokemusta el\u00e4v\u00e4n musiikin esitt\u00e4misest\u00e4 jo lapsesta saakka. Ammatikseen h\u00e4n on esiintynyt yli 18 vuotta ja t\u00e4h\u00e4n menness\u00e4 tehnyt l\u00e4hes 800 live-esiintymist\u00e4. Vuosiin mahtuu keikkoja sek\u00e4 solistin ett\u00e4 taustalaulajan roolissa erilaisissa kokoonpanoissa duoista big bandeihin. Kokoonpanot Aiemmat kokoonpanot 2023 \/ 2020-22 \/ 2019 \/ 2018 \/ 2017<\/p>\n","protected":false},"author":1,"featured_media":0,"parent":0,"menu_order":0,"comment_status":"closed","ping_status":"closed","template":"","meta":{"footnotes":""},"class_list":["post-16","page","type-page","status-publish","hentry"],"_links":{"self":[{"href":"https:\/\/www.mariaiivonen.com\/mariaiivonencom\/wp-json\/wp\/v2\/pages\/16","targetHints":{"allow":["GET"]}}],"collection":[{"href":"https:\/\/www.mariaiivonen.com\/mariaiivonencom\/wp-json\/wp\/v2\/pages"}],"about":[{"href":"https:\/\/www.mariaiivonen.com\/mariaiivonencom\/wp-json\/wp\/v2\/types\/page"}],"author":[{"embeddable":true,"href":"https:\/\/www.mariaiivonen.com\/mariaiivonencom\/wp-json\/wp\/v2\/users\/1"}],"replies":[{"embeddable":true,"href":"https:\/\/www.mariaiivonen.com\/mariaiivonencom\/wp-json\/wp\/v2\/comments?post=16"}],"version-history":[{"count":68,"href":"https:\/\/www.mariaiivonen.com\/mariaiivonencom\/wp-json\/wp\/v2\/pages\/16\/revisions"}],"predecessor-version":[{"id":784,"href":"https:\/\/www.mariaiivonen.com\/mariaiivonencom\/wp-json\/wp\/v2\/pages\/16\/revisions\/784"}],"wp:attachment":[{"href":"https:\/\/www.mariaiivonen.com\/mariaiivonencom\/wp-json\/wp\/v2\/media?parent=16"}],"curies":[{"name":"wp","href":"https:\/\/api.w.org\/{rel}","templated":true}]}}